{"id":49,"date":"2020-06-03T16:55:22","date_gmt":"2020-06-03T16:55:22","guid":{"rendered":"http:\/\/conviviendo.com.mx\/?page_id=49"},"modified":"2024-04-25T15:13:31","modified_gmt":"2024-04-25T20:13:31","slug":"acerca","status":"publish","type":"page","link":"https:\/\/conviviendo.com.mx\/en\/acerca\/","title":{"rendered":"About Us"},"content":{"rendered":"[et_pb_section fb_built=&#8221;1&#8243; _builder_version=&#8221;4.22.1&#8243; _module_preset=&#8221;default&#8221; background_video_mp4=&#8221;https:\/\/conviviendo.com.mx\/wp-content\/uploads\/2023\/09\/CCN_Video-Agave.mp4&#8243; custom_padding=&#8221;140px||140px|||&#8221; custom_css_before=&#8221; content: %22%22;|| display: block;|| position: absolute;|| top: 0;|| left: 0;|| width: 100%;|| height: 100%;|| background-color: rgba(14,24,11,0.48);|| z-index: 1;&#8221; global_colors_info=&#8221;{}&#8221;][et_pb_row _builder_version=&#8221;4.22.1&#8243; _module_preset=&#8221;default&#8221; custom_margin=&#8221;-1px|auto||auto||&#8221; animation_style=&#8221;fade&#8221; animation_duration=&#8221;1200ms&#8221; global_colors_info=&#8221;{}&#8221;][et_pb_column type=&#8221;4_4&#8243; _builder_version=&#8221;4.22.1&#8243; _module_preset=&#8221;default&#8221; global_colors_info=&#8221;{}&#8221;][et_pb_heading title=&#8221;Somos el laboratorio l\u00edder en Estudios de Efectividad Biol\u00f3gica de Plaguicidas en M\u00e9xico. &#8221; _builder_version=&#8221;4.22.1&#8243; _module_preset=&#8221;default&#8221; title_font=&#8221;Roboto Slab||||||||&#8221; title_text_color=&#8221;#F3F7F0&#8243; title_line_height=&#8221;1.2em&#8221; title_font_size_tablet=&#8221;&#8221; title_font_size_phone=&#8221;35px&#8221; title_font_size_last_edited=&#8221;on|phone&#8221; global_colors_info=&#8221;{}&#8221;][\/et_pb_heading][et_pb_text _builder_version=&#8221;4.22.1&#8243; _module_preset=&#8221;default&#8221; text_font=&#8221;Roboto||||||||&#8221; text_text_color=&#8221;#F3F7F0&#8243; text_font_size=&#8221;20px&#8221; text_line_height=&#8221;1.5em&#8221; custom_padding=&#8221;|57px||||&#8221; text_font_size_tablet=&#8221;20px&#8221; text_font_size_phone=&#8221;18px&#8221; text_font_size_last_edited=&#8221;on|phone&#8221; header_font_size_tablet=&#8221;&#8221; header_font_size_phone=&#8221;30px&#8221; header_font_size_last_edited=&#8221;on|phone&#8221; global_colors_info=&#8221;{}&#8221;]<p>Our team of highly specialized scientists works collaboratively to provide precise solutions to our clients' needs.<\/p>[\/et_pb_text][\/et_pb_column][\/et_pb_row][\/et_pb_section][et_pb_section fb_built=&#8221;1&#8243; _builder_version=&#8221;4.22.1&#8243; background_color=&#8221;#1D2E28&#8243; global_colors_info=&#8221;{}&#8221;][et_pb_row column_structure=&#8221;1_3,1_3,1_3&#8243; _builder_version=&#8221;4.22.1&#8243; width=&#8221;90%&#8221; custom_margin=&#8221;0px||||false|false&#8221; custom_padding=&#8221;|60px||60px|false|false&#8221; global_colors_info=&#8221;{}&#8221;][et_pb_column type=&#8221;1_3&#8243; _builder_version=&#8221;4.16&#8243; global_colors_info=&#8221;{}&#8221;][et_pb_image src=&#8221;https:\/\/conviviendo.com.mx\/wp-content\/uploads\/2023\/09\/CCN_PNG-12.png&#8221; title_text=&#8221;CCN_PNG-12&#8243; align=&#8221;center&#8221; _builder_version=&#8221;4.22.1&#8243; width=&#8221;18%&#8221; max_width_tablet=&#8221;18%&#8221; max_width_phone=&#8221;18%&#8221; max_width_last_edited=&#8221;on|tablet&#8221; module_alignment=&#8221;center&#8221; custom_margin=&#8221;15px||||false|false&#8221; global_colors_info=&#8221;{}&#8221;][\/et_pb_image][et_pb_heading title=&#8221;Experiencia y Conocimiento&#8221; _builder_version=&#8221;4.22.1&#8243; _module_preset=&#8221;default&#8221; title_font=&#8221;Roboto Slab||||||||&#8221; title_text_align=&#8221;center&#8221; title_text_color=&#8221;#F3F7F0&#8243; global_colors_info=&#8221;{}&#8221;][\/et_pb_heading][et_pb_text _builder_version=&#8221;4.22.1&#8243; _module_preset=&#8221;default&#8221; text_font=&#8221;Roboto||||||||&#8221; text_text_color=&#8221;#D3DDBD&#8221; text_font_size=&#8221;16px&#8221; text_line_height=&#8221;1.6em&#8221; width=&#8221;93.9%&#8221; custom_padding=&#8221;|0px||0px|false|false&#8221; global_colors_info=&#8221;{}&#8221;]<p style=\"text-align: center;\">With over 20 years of experience and more than 1,700 scientific investigations conducted, we are 100% prepared to tackle any challenge in the field of study. Our team consists of experts in various areas, and we continually engage in ongoing training to provide effective solutions.<\/p>[\/et_pb_text][\/et_pb_column][et_pb_column type=&#8221;1_3&#8243; _builder_version=&#8221;4.22.1&#8243; _module_preset=&#8221;default&#8221; global_colors_info=&#8221;{}&#8221;][et_pb_image src=&#8221;https:\/\/conviviendo.com.mx\/wp-content\/uploads\/2023\/09\/case-study.png&#8221; title_text=&#8221;case-study&#8221; align=&#8221;center&#8221; _builder_version=&#8221;4.22.1&#8243; _module_preset=&#8221;default&#8221; width=&#8221;13%&#8221; max_width=&#8221;15%&#8221; module_alignment=&#8221;center&#8221; custom_margin=&#8221;30px||||false|false&#8221; global_colors_info=&#8221;{}&#8221;][\/et_pb_image][et_pb_heading title=&#8221;Variedad de Estudios&#8221; _builder_version=&#8221;4.22.1&#8243; _module_preset=&#8221;default&#8221; title_font=&#8221;Roboto Slab||||||||&#8221; title_text_align=&#8221;center&#8221; title_text_color=&#8221;#F3F7F0&#8243; global_colors_info=&#8221;{}&#8221;][\/et_pb_heading][et_pb_text _builder_version=&#8221;4.22.1&#8243; _module_preset=&#8221;default&#8221; text_font=&#8221;Roboto||||||||&#8221; text_text_color=&#8221;#D3DDBD&#8221; text_font_size=&#8221;16px&#8221; text_line_height=&#8221;1.5em&#8221; global_colors_info=&#8221;{}&#8221;]<p><\/p>\n<p class=\"has-text-align-center has-primary-color has-text-color has-link-color wp-elements-ff94135076ee8007d4943424c73602f0\">We conduct research both in open-field and greenhouse settings, as well as undertake laboratory projects.<\/p>\n<p> <\/p>\n<p class=\"has-text-align-center has-primary-color has-text-color has-link-color wp-elements-373e5fa4a8c1c5e887994be723233892\">This allows us to encompass a wide range of scenarios to offer precise recommendations in each case.<\/p>\n<p><\/p>[\/et_pb_text][\/et_pb_column][et_pb_column type=&#8221;1_3&#8243; _builder_version=&#8221;4.16&#8243; hover_enabled=&#8221;0&#8243; global_colors_info=&#8221;{}&#8221; sticky_enabled=&#8221;0&#8243;][et_pb_image src=&#8221;https:\/\/conviviendo.com.mx\/wp-content\/uploads\/2023\/09\/certified.png&#8221; title_text=&#8221;certified&#8221; align=&#8221;center&#8221; _builder_version=&#8221;4.22.1&#8243; _module_preset=&#8221;default&#8221; width=&#8221;17%&#8221; max_width=&#8221;13%&#8221; module_alignment=&#8221;center&#8221; custom_margin=&#8221;30px||||false|false&#8221; global_colors_info=&#8221;{}&#8221;][\/et_pb_image][et_pb_heading title=&#8221;Cumplimiento Normativo&#8221; _builder_version=&#8221;4.22.1&#8243; _module_preset=&#8221;default&#8221; title_font=&#8221;Roboto Slab||||||||&#8221; title_text_align=&#8221;center&#8221; title_text_color=&#8221;#F3F7F0&#8243; global_colors_info=&#8221;{}&#8221;][\/et_pb_heading][et_pb_text _builder_version=&#8221;4.23&#8243; _module_preset=&#8221;default&#8221; text_font=&#8221;Roboto||||||||&#8221; text_text_color=&#8221;#D3DDBD&#8221; text_font_size=&#8221;16px&#8221; text_line_height=&#8221;1.5em&#8221; hover_enabled=&#8221;0&#8243; global_colors_info=&#8221;{}&#8221; sticky_enabled=&#8221;0&#8243;]<p><\/p>\n<p class=\"has-text-align-center has-primary-color has-text-color has-link-color wp-elements-6f3e146d2c97585d7e85043c874e2942\">We ensure to operate strictly within the legal frameworks and the Good Laboratory Practice criteria established by SENASICA.<\/p>\n<p> <\/p>\n<p class=\"has-text-align-center has-primary-color has-text-color has-link-color wp-elements-7757c167d8630ba46634aa4c659abaf7\">Contamos con su aprobaci\u00f3n (LB-100424-14-ACARI-001) y estamos acreditados por la EMA (BPE 014\/17) para llevar a cabo Estudios de Efectividad Biol\u00f3gica de Plaguicidas Agr\u00edcolas y su Dictamen T\u00e9cnico en M\u00e9xico.<\/p>\n<p><\/p>[\/et_pb_text][\/et_pb_column][\/et_pb_row][\/et_pb_section][et_pb_section fb_built=&#8221;1&#8243; _builder_version=&#8221;4.22.1&#8243; _module_preset=&#8221;default&#8221; background_color=&#8221;#1D2E28&#8243; custom_margin=&#8221;0px|0px|0px|0px|false|false&#8221; custom_padding=&#8221;0px|0px|0px|0px|false|false&#8221; global_colors_info=&#8221;{}&#8221;][et_pb_row column_structure=&#8221;1_2,1_2&#8243; use_custom_gutter=&#8221;on&#8221; gutter_width=&#8221;1&#8243; make_equal=&#8221;on&#8221; _builder_version=&#8221;4.22.1&#8243; _module_preset=&#8221;default&#8221; width=&#8221;100%&#8221; max_width=&#8221;100%&#8221; min_height=&#8221;594px&#8221; custom_margin=&#8221;0px|0px|0px|0px|false|false&#8221; custom_padding=&#8221;0px|0px|0px|0px|false|false&#8221; global_colors_info=&#8221;{}&#8221;][et_pb_column type=&#8221;1_2&#8243; _builder_version=&#8221;4.22.1&#8243; _module_preset=&#8221;default&#8221; custom_padding_tablet=&#8221;&#8221; custom_padding_phone=&#8221;&#8221; custom_padding_last_edited=&#8221;on|tablet&#8221; global_colors_info=&#8221;{}&#8221;][et_pb_image src=&#8221;https:\/\/conviviendo.com.mx\/wp-content\/uploads\/2023\/10\/CCN_Elementos-Web-01-13.png&#8221; title_text=&#8221;CCN_Elementos Web-06&#8243; show_bottom_space=&#8221;off&#8221; align=&#8221;center&#8221; _builder_version=&#8221;4.22.1&#8243; _module_preset=&#8221;default&#8221; custom_margin=&#8221;||0px||false|false&#8221; global_colors_info=&#8221;{}&#8221;][\/et_pb_image][\/et_pb_column][et_pb_column type=&#8221;1_2&#8243; _builder_version=&#8221;4.22.1&#8243; _module_preset=&#8221;default&#8221; custom_padding=&#8221;60px|60px|60px|60px|false|false&#8221; custom_padding_tablet=&#8221;100px|80px|100px|80px|false|false&#8221; custom_padding_phone=&#8221;100px|80px|100px|80px|false|false&#8221; custom_padding_last_edited=&#8221;on|phone&#8221; global_colors_info=&#8221;{}&#8221;][et_pb_heading title=&#8221;Nuestra Visi\u00f3n&#8221; _builder_version=&#8221;4.22.1&#8243; _module_preset=&#8221;default&#8221; title_font=&#8221;Roboto Slab||||||||&#8221; title_text_color=&#8221;#D3DDBD&#8221; min_height=&#8221;74px&#8221; global_colors_info=&#8221;{}&#8221;][\/et_pb_heading][et_pb_text _builder_version=&#8221;4.22.1&#8243; _module_preset=&#8221;default&#8221; text_font=&#8221;Roboto||||||||&#8221; text_text_color=&#8221;#D3DDBD&#8221; text_font_size=&#8221;18px&#8221; text_line_height=&#8221;1.5em&#8221; global_colors_info=&#8221;{}&#8221;]<p style=\"text-align: justify;\">To be one of the best laboratories in biological effectiveness in the agricultural\/scientific sector nationwide, recognized by our clients as a competent, transparent, and honest company that always places professionalism and integrity foremost in the services provided.<\/p>[\/et_pb_text][\/et_pb_column][\/et_pb_row][et_pb_row column_structure=&#8221;1_2,1_2&#8243; use_custom_gutter=&#8221;on&#8221; gutter_width=&#8221;1&#8243; make_equal=&#8221;on&#8221; _builder_version=&#8221;4.22.1&#8243; _module_preset=&#8221;default&#8221; background_color=&#8221;#D3DDBD&#8221; width=&#8221;100%&#8221; max_width=&#8221;100%&#8221; min_height=&#8221;594px&#8221; custom_margin=&#8221;0px|0px|0px|0px|false|false&#8221; custom_padding=&#8221;0px|0px|0px|0px|false|false&#8221; global_colors_info=&#8221;{}&#8221;][et_pb_column type=&#8221;1_2&#8243; _builder_version=&#8221;4.22.1&#8243; _module_preset=&#8221;default&#8221; background_color=&#8221;#D3DDBD&#8221; custom_padding=&#8221;60px|60px|60px|60px|false|false&#8221; custom_padding_tablet=&#8221;100px|80px|100px|80px|false|false&#8221; custom_padding_phone=&#8221;100px|80px|100px|80px|false|false&#8221; custom_padding_last_edited=&#8221;on|tablet&#8221; global_colors_info=&#8221;{}&#8221;][et_pb_heading title=&#8221;Nuestra Misi\u00f3n&#8221; _builder_version=&#8221;4.22.1&#8243; _module_preset=&#8221;default&#8221; title_font=&#8221;Roboto Slab||||||||&#8221; title_text_color=&#8221;#1D2E28&#8243; custom_padding=&#8221;||27px|||&#8221; global_colors_info=&#8221;{}&#8221;][\/et_pb_heading][et_pb_text _builder_version=&#8221;4.22.1&#8243; _module_preset=&#8221;default&#8221; text_font=&#8221;Roboto||||||||&#8221; text_text_color=&#8221;#1D2E28&#8243; text_font_size=&#8221;18px&#8221; text_line_height=&#8221;1.5em&#8221; global_colors_info=&#8221;{}&#8221;]<p style=\"text-align: justify;\">To offer a scientific-technical and specialized service in the evaluation, review, and testing of new chemical molecules for agricultural solutions, using standardized scientific methods and techniques that adhere to current regulations, while upholding high standards of quality; assuring our clients objective results that validate the effectiveness of these solutions.<\/p>[\/et_pb_text][\/et_pb_column][et_pb_column type=&#8221;1_2&#8243; _builder_version=&#8221;4.22.1&#8243; _module_preset=&#8221;default&#8221; global_colors_info=&#8221;{}&#8221;][et_pb_image src=&#8221;https:\/\/conviviendo.com.mx\/wp-content\/uploads\/2023\/10\/CCN_Elementos-Web-01-14.png&#8221; title_text=&#8221;CCN_Elementos Web-07&#8243; show_bottom_space=&#8221;off&#8221; align=&#8221;center&#8221; _builder_version=&#8221;4.22.1&#8243; _module_preset=&#8221;default&#8221; custom_margin=&#8221;0px|0px|0px|0px|false|false&#8221; custom_padding=&#8221;0px|0px|0px|0px|false|false&#8221; global_colors_info=&#8221;{}&#8221;][\/et_pb_image][\/et_pb_column][\/et_pb_row][\/et_pb_section][et_pb_section fb_built=&#8221;1&#8243; _builder_version=&#8221;4.22.1&#8243; _module_preset=&#8221;default&#8221; custom_margin=&#8221;0px|0px|0px|0px|false|false&#8221; custom_padding=&#8221;0px|0px|0px|0px|false|false&#8221; global_colors_info=&#8221;{}&#8221;][et_pb_row column_structure=&#8221;1_2,1_2&#8243; use_custom_gutter=&#8221;on&#8221; gutter_width=&#8221;1&#8243; make_equal=&#8221;on&#8221; _builder_version=&#8221;4.22.1&#8243; _module_preset=&#8221;default&#8221; background_color=&#8221;#1D2E28&#8243; width=&#8221;100%&#8221; max_width=&#8221;100%&#8221; min_height=&#8221;809.7px&#8221; custom_margin=&#8221;0px|0px|0px|0px|false|false&#8221; custom_padding=&#8221;0px|0px|0px|0px|false|false&#8221; global_colors_info=&#8221;{}&#8221;][et_pb_column type=&#8221;1_2&#8243; _builder_version=&#8221;4.22.1&#8243; _module_preset=&#8221;default&#8221; global_colors_info=&#8221;{}&#8221;][et_pb_image src=&#8221;https:\/\/conviviendo.com.mx\/wp-content\/uploads\/2023\/09\/CCN_pedro-posos-BN-01.jpg&#8221; alt=&#8221;Perdo Posos Ponce&#8221; title_text=&#8221;CCN_pedro posos BN-01&#8243; align=&#8221;center&#8221; _builder_version=&#8221;4.22.1&#8243; _module_preset=&#8221;default&#8221; custom_margin=&#8221;0px|0px|0px|0px|false|false&#8221; custom_padding=&#8221;0px|0px|0px|0px|false|false&#8221; global_colors_info=&#8221;{}&#8221;][\/et_pb_image][\/et_pb_column][et_pb_column type=&#8221;1_2&#8243; _builder_version=&#8221;4.22.1&#8243; _module_preset=&#8221;default&#8221; background_color=&#8221;#1D2E28&#8243; custom_padding=&#8221;60px|60px|60px|60px|false|false&#8221; global_colors_info=&#8221;{}&#8221;][et_pb_heading title=&#8221;En Memoria de Nuestro Fundador Dr. Pedro Posos Ponce.&#8221; _builder_version=&#8221;4.22.1&#8243; _module_preset=&#8221;default&#8221; title_font=&#8221;Roboto Slab||||||||&#8221; title_text_color=&#8221;#F3F7F0&#8243; title_line_height=&#8221;1.1em&#8221; title_font_size_tablet=&#8221;&#8221; title_font_size_phone=&#8221;30px&#8221; title_font_size_last_edited=&#8221;on|phone&#8221; global_colors_info=&#8221;{}&#8221;][\/et_pb_heading][et_pb_text _builder_version=&#8221;4.22.1&#8243; _module_preset=&#8221;default&#8221; text_font=&#8221;Roboto||||||||&#8221; text_text_color=&#8221;#D3DDBD&#8221; text_font_size=&#8221;14px&#8221; text_line_height=&#8221;1.6em&#8221; text_orientation=&#8221;justified&#8221; custom_padding=&#8221;||0px|||&#8221; global_colors_info=&#8221;{}&#8221;]<p style=\"text-align: justify;\"><\/p>\n<p class=\"has-primary-color has-text-color wp-container-content-1\">Dr. Pedro Posos Ponce (\u2020) 1964-2023, founding partner and main pillar of \"Conviviendo con la Naturaleza\", we hereby remember his brilliant academic and professional trajectory:<\/p>\n<ul class=\"has-primary-color has-text-color\">\n<ul class=\"has-primary-color has-text-color\">\n<li>Ingeniero Agr\u00f3nomo por la Universidad de Guadalajara (1986 &#8211; 1990 Zapopan, Jalisco).<\/li>\n<li>Maestro en Ciencias en Parasitolog\u00eda Agr\u00edcola por la Universidad Aut\u00f3noma Agraria Antonio Narro (1991 &#8211; 1993 Saltillo, Coahuila).<\/li>\n<li>Doctor en Ciencias en Agrobiotecnolog\u00eda del Instituto Tecnol\u00f3gico Agropecuario No. 26 (2000 &#8211; 2005 Tlajomulco, Jalisco).<\/li>\n<\/ul>\n<\/ul>\n<p class=\"has-primary-color has-text-color\">Dr. Posos was an outstanding Professor-Researcher at the University of Guadalajara's Center for Biological and Agricultural Sciences (CUCBA) with over thirty years of experience in biological effectiveness studies of pesticides in accordance with current regulations. He contributed to scientific knowledge with numerous articles and eight specialized books on insecticides and agricultural pests, becoming a reference in the industry.<\/p>\n<p class=\"has-primary-color has-text-color\">He supervised over 38 Bachelor's, Master's, and Doctoral theses, guiding students toward academic and scientific success. He actively participated in courses, conferences, and diplomas, demonstrating his commitment to the growth and sharing of knowledge.<\/p>\n<p class=\"has-primary-color has-text-color\">His memory will remain in the academic and agricultural community, inspiring future generations to contribute to the advancement of science and agriculture.<\/p>\n<p style=\"text-align: justify;\"><\/p>[\/et_pb_text][\/et_pb_column][\/et_pb_row][\/et_pb_section][et_pb_section fb_built=&#8221;1&#8243; _builder_version=&#8221;4.22.1&#8243; _module_preset=&#8221;default&#8221; background_color=&#8221;#D3DDBD&#8221; custom_margin=&#8221;0px|0px|0px|0px|false|false&#8221; custom_padding=&#8221;0px|0px|0px|0px|false|false&#8221; global_colors_info=&#8221;{}&#8221;][et_pb_row column_structure=&#8221;1_2,1_2&#8243; use_custom_gutter=&#8221;on&#8221; gutter_width=&#8221;1&#8243; make_equal=&#8221;on&#8221; _builder_version=&#8221;4.22.1&#8243; _module_preset=&#8221;default&#8221; width=&#8221;100%&#8221; max_width=&#8221;100%&#8221; min_height=&#8221;401.2px&#8221; custom_margin=&#8221;0px|0px|0px|0px|false|false&#8221; custom_padding=&#8221;0px|0px|0px|0px|false|false&#8221; global_colors_info=&#8221;{}&#8221;][et_pb_column type=&#8221;1_2&#8243; _builder_version=&#8221;4.22.1&#8243; _module_preset=&#8221;default&#8221; custom_padding=&#8221;60px|60px|60px|60px|false|false&#8221; global_colors_info=&#8221;{}&#8221;][et_pb_heading title=&#8221;Somos orgullosamente una empresa familiar&#8221; _builder_version=&#8221;4.22.1&#8243; _module_preset=&#8221;default&#8221; title_font=&#8221;Roboto Slab||||||||&#8221; title_text_color=&#8221;#1D2E28&#8243; title_line_height=&#8221;1.1em&#8221; title_font_size_tablet=&#8221;&#8221; title_font_size_phone=&#8221;30px&#8221; title_font_size_last_edited=&#8221;on|phone&#8221; global_colors_info=&#8221;{}&#8221;][\/et_pb_heading][et_pb_text _builder_version=&#8221;4.22.1&#8243; _module_preset=&#8221;default&#8221; text_font=&#8221;Roboto||||||||&#8221; text_text_color=&#8221;#1D2E28&#8243; text_font_size=&#8221;18px&#8221; text_line_height=&#8221;1.5em&#8221; custom_padding=&#8221;||45px|||&#8221; global_colors_info=&#8221;{}&#8221;]<p>Join our family, and together we will assist you in overcoming challenges by providing the best solutions.<\/p>[\/et_pb_text][et_pb_button button_url=&#8221;https:\/\/conviviendo.com.mx\/contacto\/&#8221; button_text=&#8221;Cont\u00e1ctanos&#8221; _builder_version=&#8221;4.22.1&#8243; _module_preset=&#8221;default&#8221; custom_button=&#8221;on&#8221; button_text_color=&#8221;#D3DDBD&#8221; button_bg_color=&#8221;#75A05C&#8221; button_border_radius=&#8221;11px&#8221; global_colors_info=&#8221;{}&#8221;][\/et_pb_button][\/et_pb_column][et_pb_column type=&#8221;1_2&#8243; _builder_version=&#8221;4.22.1&#8243; _module_preset=&#8221;default&#8221; global_colors_info=&#8221;{}&#8221;][et_pb_image src=&#8221;https:\/\/conviviendo.com.mx\/wp-content\/uploads\/2021\/02\/Copia-de-DSC_0360-scaled.jpg&#8221; alt=&#8221;Trabajo en el Campo&#8221; title_text=&#8221;Conviviendo con la Naturaleza&#8221; show_bottom_space=&#8221;off&#8221; force_fullwidth=&#8221;on&#8221; _builder_version=&#8221;4.23&#8243; _module_preset=&#8221;default&#8221; module_alignment=&#8221;center&#8221; custom_margin=&#8221;0px|0px|0px|0px|false|false&#8221; custom_padding=&#8221;0px|0px|0px|0px|false|false&#8221; global_colors_info=&#8221;{}&#8221;][\/et_pb_image][\/et_pb_column][\/et_pb_row][\/et_pb_section]","protected":false},"excerpt":{"rendered":"<p>Nuestro equipo de cient\u00edficos, altamente especializados, trabaja de manera colaborativa para brindar soluciones precisas a las necesidades de nuestros clientes.Con m\u00e1s de 20 a\u00f1os de experiencia y m\u00e1s de 1,700 investigaciones cient\u00edficas realizadas, estamos 100% preparados para abordar cualquier desaf\u00edo en el campo de estudio. Nuestro equipo cuenta con expertos en diversas \u00e1reas, adem\u00e1s de [&hellip;]<\/p>","protected":false},"author":1,"featured_media":0,"parent":0,"menu_order":0,"comment_status":"closed","ping_status":"closed","template":"","meta":{"_et_pb_use_builder":"on","_et_pb_old_content":"","_et_gb_content_width":"","footnotes":""},"_links":{"self":[{"href":"https:\/\/conviviendo.com.mx\/en\/wp-json\/wp\/v2\/pages\/49"}],"collection":[{"href":"https:\/\/conviviendo.com.mx\/en\/wp-json\/wp\/v2\/pages"}],"about":[{"href":"https:\/\/conviviendo.com.mx\/en\/wp-json\/wp\/v2\/types\/page"}],"author":[{"embeddable":true,"href":"https:\/\/conviviendo.com.mx\/en\/wp-json\/wp\/v2\/users\/1"}],"replies":[{"embeddable":true,"href":"https:\/\/conviviendo.com.mx\/en\/wp-json\/wp\/v2\/comments?post=49"}],"version-history":[{"count":61,"href":"https:\/\/conviviendo.com.mx\/en\/wp-json\/wp\/v2\/pages\/49\/revisions"}],"predecessor-version":[{"id":1525,"href":"https:\/\/conviviendo.com.mx\/en\/wp-json\/wp\/v2\/pages\/49\/revisions\/1525"}],"wp:attachment":[{"href":"https:\/\/conviviendo.com.mx\/en\/wp-json\/wp\/v2\/media?parent=49"}],"curies":[{"name":"wp","href":"https:\/\/api.w.org\/{rel}","templated":true}]}}